{"id":10,"date":"2016-09-09T19:11:45","date_gmt":"2016-09-09T17:11:45","guid":{"rendered":"http:\/\/www.sk-kesl-ryu.cz\/new\/?page_id=10"},"modified":"2016-12-08T15:41:07","modified_gmt":"2016-12-08T14:41:07","slug":"historie-klubu","status":"publish","type":"page","link":"https:\/\/www.sk-kesl-ryu.cz\/index.php\/hlavni-stranka\/historie-klubu\/","title":{"rendered":"Historie klubu"},"content":{"rendered":"<p style=\"text-align: justify;\"><strong>Historie na\u0161eho klubu<\/strong><br \/>\nP\u0159edstavujeme V\u00e1m jeden z nej\u00fasp\u011b\u0161n\u011bj\u0161\u00edch sportovn\u00edch klub\u016f Karate v \u010cesk\u00e9 republice. Sportovn\u00ed klub byl zalo\u017een roku 1993, ale v\u00edcem\u00e9n\u011b se jedn\u00e1 o pokra\u010dov\u00e1n\u00ed cesty Karate stejn\u00fdch mistr\u016f, kte\u0159\u00ed se pod\u00edleli p\u0159ed zalo\u017een\u00edm SK Kesl Ryu na veden\u00ed odd\u00edl\u016f Karate TJ Uheln\u00e9 sklady a TJ Pankr\u00e1c prakticky od roku 1982. SK Karate a sebeobrany se prioritn\u011b zam\u011b\u0159uje od sv\u00e9ho zalo\u017een\u00ed na v\u00fdchovu a vyu\u017eit\u00ed voln\u00e9ho \u010dasu v\u0161ech, kte\u0159\u00ed maj\u00ed z\u00e1jem kr\u00e1\u010det cestou mistr\u016f bojov\u00fdch um\u011bn\u00ed d\u00e1ln\u00e9ho v\u00fdchodu, pochopit smysl t\u00e9to cesty a sou\u010dasn\u011b provozovat sportovn\u00ed Karate na \u0161pi\u010dkov\u00e9 \u00farovni, kter\u00e9 je ned\u00edlnou sou\u010d\u00e1st\u00ed t\u00e9to cesty Karate Do.<\/p>\n<p style=\"text-align: justify;\">Jistotou spr\u00e1vn\u00e9ho sm\u011bru na\u0161\u00ed&nbsp;cesty je odkaz nejv\u011bt\u0161\u00edho Karateky modern\u00edho Karate Gichina Funakoshiho, kter\u00fd se sna\u017e\u00edme pochopit a p\u0159en\u00e1\u0161et d\u00e1le na v\u0161echny Karateky na\u0161eho klubu. To demonstruje i syst\u00e9m n\u00e1boru SK, kter\u00fd neprov\u00e1d\u00ed \u017e\u00e1dn\u00fd speci\u00e1ln\u00ed v\u00fdb\u011br za\u010d\u00e1te\u010dn\u00edk\u016f. P\u0159ihl\u00e1sit se a cvi\u010dit m\u016f\u017ee ka\u017ed\u00fd. Po ur\u010dit\u00e9 dob\u011b, kdy\u017e jsou cvi\u010denci rozd\u011blov\u00e1ni do v\u00fdkonnostn\u00edch odd\u00edl\u016f, pokra\u010duj\u00ed i netalentovan\u00ed jedinci do t\u00e9 doby, dokud maj\u00ed o cvi\u010den\u00ed z\u00e1jem. Nejedn\u00e1 se pouze o v\u00fdcvik Karate a sebeobrany, ale i o cvi\u010den\u00ed v\u0161eobecn\u00e9 pro kompletn\u00ed rozvoj t\u011blesn\u00e9 kondice ml\u00e1de\u017ee s vyu\u017eit\u00edm nejnov\u011bj\u0161\u00edch poznatk\u016f s oblasti sportovn\u00edho tr\u00e9ninku, \u017eivotospr\u00e1vy a pod.<\/p>\n<p style=\"text-align: justify;\"><strong>Stru\u010dn\u00e9 shrnut\u00ed<\/strong><br \/>\nKesl Ryu&nbsp;se zam\u011b\u0159uje na sportovn\u00ed Karate na nejvy\u0161\u0161\u00ed \u00farovni, a ne n\u00e1hodou je jedn\u00edm z nej\u00fasp\u011b\u0161n\u011bj\u0161\u00edch klub\u016f&nbsp;Karate v republice. D\u016fkazem jsou mist\u0159i Prahy i republiky v ml\u00e1de\u017enick\u00fdch i seniorsk\u00fdch kategori\u00ed a v odd\u00edlu &#8222;A&#8220; je v\u011bt\u0161ina \u010dlen\u016f, kte\u0159\u00ed \u00fasp\u011b\u0161n\u011b reprezentovali \u010cR i na nejvy\u0161\u0161\u00edch mezin\u00e1rodn\u00edch sout\u011b\u017e\u00edch jako ME a MS. Klub&nbsp;po\u0159\u00e1d\u00e1 po n\u011bkolik let soust\u0159ed\u011bn\u00ed zimn\u00ed i letn\u00ed, nejen pro \u010dleny Kesl Ryu, ale i pro ostatn\u00ed z\u00e1jemce z cel\u00e9 \u010cR. Velkou popularitu z\u00edskalo i pravideln\u00e9 ka\u017edoro\u010dn\u00ed soust\u0159ed\u011bn\u00ed v It\u00e1lii. Kesl Ryu Shotokan m\u00e1 v moment\u00e1ln\u00ed dob\u011b asi 400 \u010dlen\u016f. Rozd\u011blen\u00ed cvi\u010denc\u016f je do odd\u00edl\u016f: &#8222;D&#8220; &#8211; n\u00e1bor, za\u010d\u00e1te\u010dn\u00edci, &#8222;C&#8220; &#8211; pokro\u010dil\u00ed cvi\u010denci s ni\u017e\u0161\u00edm \u017e\u00e1kovsk\u00fdm technick\u00fdm stupn\u011bm, &#8222;B&#8220; &#8211; cvi\u010denci s vy\u0161\u0161\u00edm \u017e\u00e1kovsk\u00fdm STV a z\u00e1vodn\u00edci pro ni\u017e\u0161\u00ed sout\u011b\u017ee z hlediska kvality, &#8222;A&#8220; &#8211; z\u00e1vodn\u00edci s nejvy\u0161\u0161\u00edm STV, reprezentanti na nejkvalitn\u011bj\u0161\u00edch dom\u00e1c\u00edch a mezin\u00e1rodn\u00edch sout\u011b\u017e\u00edch, \u010dlenov\u00e9 st\u00e1tn\u00ed reprezentace a pod.<\/p>\n<p style=\"text-align: justify;\"><strong>Na co se zam\u011b\u0159ujeme<\/strong><br \/>\nZam\u011b\u0159en\u00ed klubu&nbsp;i p\u0159es mnoho sportovn\u00edch \u00fasp\u011bch\u016f, nen\u00ed pouze vychov\u00e1vat nejlep\u0161\u00ed sportovce v republice, ale hlavn\u00edm posl\u00e1n\u00edm je pomoc s v\u00fdchovou ml\u00e1de\u017ee rodi\u010d\u016fm ve smyslu spr\u00e1vn\u00e9ho vyu\u017eit\u00ed voln\u00e9ho \u010dasu se zam\u011b\u0159en\u00edm nejen na sport, ale i smysl pro kolektiv, disciplinu a ostatn\u00ed vlastnosti pot\u0159ebn\u00e9 pro kvalitn\u00ed rozvoj osobnosti. Proto tak\u00e9 ono odd\u00edlov\u00e9 rozli\u0161en\u00ed, kde maj\u00ed mo\u017enost st\u00e1le cvi\u010dit i ti, kte\u0159\u00ed zat\u00edm nemaj\u00ed \u0161anci dos\u00e1hnout k vy\u0161\u0161\u00edm sportovn\u00edm met\u00e1m a je jim v\u011bnov\u00e1na stejn\u00e1 pozornost jako u nejlep\u0161\u00edch z\u00e1vodn\u00edk\u016f.<\/p>\n<p style=\"text-align: justify;\">Karatekov\u00e9 &#8211; z\u00e1vodn\u00edci se z\u00fa\u010dast\u0148uj\u00ed nejen v\u0161ech sout\u011b\u017e\u00ed v\u0161ech v\u011bkov\u00fdch kategori\u00edch v republice, ale pravideln\u011b i mezin\u00e1rodn\u00edch turnaj\u016f Karate v It\u00e1lii, \u0160v\u00e9dsku, D\u00e1nsku, N\u011bmecku, Slovensku, Polsku apod. D\u00edky n\u011bkolika mistr\u016f \u010cR m\u00e1 Kesl Ryu&nbsp;i v\u011bt\u0161\u00ed po\u010det reprezentant\u016f, kte\u0159\u00ed se z\u00fa\u010dast\u0148uj\u00ed \u0161pi\u010dkov\u00fdch mezin\u00e1rodn\u00edch sout\u011b\u017e\u00ed ve v\u011bt\u0161in\u011b evropsk\u00fdch zem\u00ed v\u010detn\u011b ME a MS. \u017de se jedn\u00e1 i v mezin\u00e1rodn\u00ed konkurenci o \u00fasp\u011b\u0161n\u00e9 reprezentanty, sv\u011bd\u010d\u00ed \u00fasp\u011bchy nejlep\u0161\u00edch z\u00e1vodn\u00edk\u016f.<\/p>\n","protected":false},"excerpt":{"rendered":"<p>Historie na\u0161eho klubu P\u0159edstavujeme V\u00e1m jeden z nej\u00fasp\u011b\u0161n\u011bj\u0161\u00edch sportovn\u00edch klub\u016f Karate v \u010cesk\u00e9 republice. Sportovn\u00ed klub byl zalo\u017een roku 1993,<\/p>\n","protected":false},"author":1,"featured_media":0,"parent":4,"menu_order":0,"comment_status":"closed","ping_status":"closed","template":"","meta":{"colormag_page_container_layout":"default_layout","colormag_page_sidebar_layout":"default_layout","ngg_post_thumbnail":0,"footnotes":""},"class_list":["post-10","page","type-page","status-publish","hentry"],"_links":{"self":[{"href":"https:\/\/www.sk-kesl-ryu.cz\/index.php\/wp-json\/wp\/v2\/pages\/10","targetHints":{"allow":["GET"]}}],"collection":[{"href":"https:\/\/www.sk-kesl-ryu.cz\/index.php\/wp-json\/wp\/v2\/pages"}],"about":[{"href":"https:\/\/www.sk-kesl-ryu.cz\/index.php\/wp-json\/wp\/v2\/types\/page"}],"author":[{"embeddable":true,"href":"https:\/\/www.sk-kesl-ryu.cz\/index.php\/wp-json\/wp\/v2\/users\/1"}],"replies":[{"embeddable":true,"href":"https:\/\/www.sk-kesl-ryu.cz\/index.php\/wp-json\/wp\/v2\/comments?post=10"}],"version-history":[{"count":12,"href":"https:\/\/www.sk-kesl-ryu.cz\/index.php\/wp-json\/wp\/v2\/pages\/10\/revisions"}],"predecessor-version":[{"id":2386,"href":"https:\/\/www.sk-kesl-ryu.cz\/index.php\/wp-json\/wp\/v2\/pages\/10\/revisions\/2386"}],"up":[{"embeddable":true,"href":"https:\/\/www.sk-kesl-ryu.cz\/index.php\/wp-json\/wp\/v2\/pages\/4"}],"wp:attachment":[{"href":"https:\/\/www.sk-kesl-ryu.cz\/index.php\/wp-json\/wp\/v2\/media?parent=10"}],"curies":[{"name":"wp","href":"https:\/\/api.w.org\/{rel}","templated":true}]}}