{"id":13,"date":"2016-09-09T19:12:42","date_gmt":"2016-09-09T17:12:42","guid":{"rendered":"http:\/\/www.sk-kesl-ryu.cz\/new\/?page_id=13"},"modified":"2023-08-07T18:30:11","modified_gmt":"2023-08-07T16:30:11","slug":"kontakt","status":"publish","type":"page","link":"https:\/\/www.sk-kesl-ryu.cz\/index.php\/kontakt\/","title":{"rendered":"Kontakt"},"content":{"rendered":"<p><strong><div class='content-column one_half'>Kesl Ryu Shotokan z.s.<br \/>\n<\/strong>Po\u0161tovn\u00ed adresa:<br \/>\nZbudovsk\u00e1 761\/3<br \/>\n142 00 Praha 4<\/p>\n<p>I\u010c: 61379409<br \/>\n\u010c\u00edslo \u00fa\u010dtu: \u010cSOB 240733289 \/ 0300<\/p>\n<p><strong>G<\/strong><strong>rand Master Karel Kesl 9th Dan<\/strong><br \/>\nmobil: +420 777 940 769<strong><\/div><\/strong><div class='content-column one_half last_column'><p><strong>napi\u0161te n\u00e1m<\/strong><br \/>\n<a class=\"fasc-button fasc-size-large fasc-type-popout fasc-rounded-medium fasc-style-bold\" style=\"background-color: #ea3535; color: #ffffff;\" href=\"mailto:sk-kesl-ryu@seznam.cz\">sk-kesl-ryu@seznam.cz<\/a><\/p>\n<p style=\"text-align: left;\"><strong>sledujte n\u00e1s<\/strong><br \/>\n<a class=\"fasc-button fasc-size-large fasc-type-popout fasc-rounded-medium fasc-style-bold\" style=\"background-color: #4664bd; color: #ffffff;\" target=\"_blank\" rel=\"noopener\" href=\"https:\/\/www.facebook.com\/keslryu\/\">facebook<\/a><\/p>\n<p style=\"text-align: left;\"><strong>odeb\u00edrejte n\u00e1s<\/strong><br \/>\n<a class=\"fasc-button fasc-size-large fasc-type-popout fasc-rounded-medium fasc-style-bold\" style=\"background-color: #ffffff; color: #f20000;\" target=\"_blank\" rel=\"noopener\" href=\"https:\/\/www.youtube.com\/channel\/UCUhJT-kP0cD-kocv1MRUz8w\/videos?view_as=subscriber\">YouTube<\/a><\/p><\/div><div class='clear_column'><\/div>\n","protected":false},"excerpt":{"rendered":"","protected":false},"author":1,"featured_media":0,"parent":0,"menu_order":0,"comment_status":"closed","ping_status":"closed","template":"","meta":{"colormag_page_container_layout":"default_layout","colormag_page_sidebar_layout":"default_layout","ngg_post_thumbnail":0,"footnotes":""},"class_list":["post-13","page","type-page","status-publish","hentry"],"_links":{"self":[{"href":"https:\/\/www.sk-kesl-ryu.cz\/index.php\/wp-json\/wp\/v2\/pages\/13","targetHints":{"allow":["GET"]}}],"collection":[{"href":"https:\/\/www.sk-kesl-ryu.cz\/index.php\/wp-json\/wp\/v2\/pages"}],"about":[{"href":"https:\/\/www.sk-kesl-ryu.cz\/index.php\/wp-json\/wp\/v2\/types\/page"}],"author":[{"embeddable":true,"href":"https:\/\/www.sk-kesl-ryu.cz\/index.php\/wp-json\/wp\/v2\/users\/1"}],"replies":[{"embeddable":true,"href":"https:\/\/www.sk-kesl-ryu.cz\/index.php\/wp-json\/wp\/v2\/comments?post=13"}],"version-history":[{"count":41,"href":"https:\/\/www.sk-kesl-ryu.cz\/index.php\/wp-json\/wp\/v2\/pages\/13\/revisions"}],"predecessor-version":[{"id":6896,"href":"https:\/\/www.sk-kesl-ryu.cz\/index.php\/wp-json\/wp\/v2\/pages\/13\/revisions\/6896"}],"wp:attachment":[{"href":"https:\/\/www.sk-kesl-ryu.cz\/index.php\/wp-json\/wp\/v2\/media?parent=13"}],"curies":[{"name":"wp","href":"https:\/\/api.w.org\/{rel}","templated":true}]}}