{"id":1492,"date":"2016-10-04T09:04:49","date_gmt":"2016-10-04T07:04:49","guid":{"rendered":"http:\/\/www.sk-kesl-ryu.cz\/?page_id=1492"},"modified":"2025-08-04T19:19:22","modified_gmt":"2025-08-04T17:19:22","slug":"nabor-2025","status":"publish","type":"page","link":"https:\/\/www.sk-kesl-ryu.cz\/index.php\/aktuality\/nabor-2025\/","title":{"rendered":"N\u00e1bor 2025\/2026"},"content":{"rendered":"<h3>&nbsp;<\/h3>\n<h3 style=\"text-align: center;\"><strong>N\u00c1BOR NOV\u00ddCH \u010cLEN\u016e PROB\u00cdH\u00c1 PR\u016eB\u011a\u017dN\u011a V Z\u00c1\u0158\u00cd 2025<\/strong><\/h3>\n<p>&nbsp;<\/p>\n<p>P\u0158IHL\u00c1\u0160KY A VE\u0160KER\u00c9 INFORMACE: E-mail: &nbsp; <a href=\"mailto:sk-kesl-ryu@seznam.cz\">sk-kesl-ryu@seznam.cz<\/a><br \/>\n&nbsp; &nbsp; &nbsp; &nbsp; &nbsp; &nbsp; &nbsp; &nbsp; &nbsp; &nbsp; &nbsp; &nbsp; &nbsp; &nbsp; &nbsp; &nbsp; &nbsp; &nbsp; &nbsp; &nbsp; &nbsp; &nbsp; &nbsp; &nbsp; &nbsp; &nbsp; &nbsp; &nbsp; &nbsp; &nbsp; &nbsp; &nbsp; Telefon: 777 940 769 &#8211; Karel Kesl<\/p>\n<p style=\"text-align: justify;\">TR\u00c9NINKY PROB\u00cdHAJ\u00cd V Z\u0160 RAKOVSK\u00c9HO PRAHA 12 &#8211; MOD\u0158ANY &#8211; \u00daTER\u00dd A \u010cTVRTEK OD 18:00 do 19:00 &nbsp;<br \/>\nVchod do t\u011blocvi\u010dny je p\u0159\u00edmo z ulice Pejevov\u00e9 v zadn\u00edm traktu \u0161koly<\/p>\n<hr>\n<p>&nbsp;<\/p>\n<h3 style=\"text-align: center;\"><a href=\"http:\/\/www.sk-kesl-ryu.cz\/wp-content\/uploads\/2025\/08\/Letak-nabor-2025.jpg\" target=\"_blank\" rel=\"noopener\"><img loading=\"lazy\" decoding=\"async\" class=\"alignnone wp-image-7460 size-full\" src=\"http:\/\/www.sk-kesl-ryu.cz\/wp-content\/uploads\/2025\/08\/Letak-nabor-2025.jpg\" alt=\"\" width=\"595\" height=\"841\" srcset=\"https:\/\/www.sk-kesl-ryu.cz\/wp-content\/uploads\/2025\/08\/Letak-nabor-2025.jpg 595w, https:\/\/www.sk-kesl-ryu.cz\/wp-content\/uploads\/2025\/08\/Letak-nabor-2025-212x300.jpg 212w\" sizes=\"auto, (max-width: 595px) 100vw, 595px\" \/><\/a><\/h3>\n<p>&nbsp;<\/p>\n","protected":false},"excerpt":{"rendered":"<p>&nbsp; N\u00c1BOR NOV\u00ddCH \u010cLEN\u016e PROB\u00cdH\u00c1 PR\u016eB\u011a\u017dN\u011a V Z\u00c1\u0158\u00cd 2025 &nbsp; P\u0158IHL\u00c1\u0160KY A VE\u0160KER\u00c9 INFORMACE: E-mail: &nbsp; sk-kesl-ryu@seznam.cz &nbsp; &nbsp; &nbsp;<\/p>\n","protected":false},"author":1,"featured_media":0,"parent":73,"menu_order":0,"comment_status":"closed","ping_status":"closed","template":"","meta":{"colormag_page_container_layout":"default_layout","colormag_page_sidebar_layout":"default_layout","ngg_post_thumbnail":0,"footnotes":""},"class_list":["post-1492","page","type-page","status-publish","hentry"],"_links":{"self":[{"href":"https:\/\/www.sk-kesl-ryu.cz\/index.php\/wp-json\/wp\/v2\/pages\/1492","targetHints":{"allow":["GET"]}}],"collection":[{"href":"https:\/\/www.sk-kesl-ryu.cz\/index.php\/wp-json\/wp\/v2\/pages"}],"about":[{"href":"https:\/\/www.sk-kesl-ryu.cz\/index.php\/wp-json\/wp\/v2\/types\/page"}],"author":[{"embeddable":true,"href":"https:\/\/www.sk-kesl-ryu.cz\/index.php\/wp-json\/wp\/v2\/users\/1"}],"replies":[{"embeddable":true,"href":"https:\/\/www.sk-kesl-ryu.cz\/index.php\/wp-json\/wp\/v2\/comments?post=1492"}],"version-history":[{"count":42,"href":"https:\/\/www.sk-kesl-ryu.cz\/index.php\/wp-json\/wp\/v2\/pages\/1492\/revisions"}],"predecessor-version":[{"id":7464,"href":"https:\/\/www.sk-kesl-ryu.cz\/index.php\/wp-json\/wp\/v2\/pages\/1492\/revisions\/7464"}],"up":[{"embeddable":true,"href":"https:\/\/www.sk-kesl-ryu.cz\/index.php\/wp-json\/wp\/v2\/pages\/73"}],"wp:attachment":[{"href":"https:\/\/www.sk-kesl-ryu.cz\/index.php\/wp-json\/wp\/v2\/media?parent=1492"}],"curies":[{"name":"wp","href":"https:\/\/api.w.org\/{rel}","templated":true}]}}