{"id":1514,"date":"2016-10-04T21:59:44","date_gmt":"2016-10-04T19:59:44","guid":{"rendered":"http:\/\/www.sk-kesl-ryu.cz\/?page_id=1514"},"modified":"2026-03-29T16:26:20","modified_gmt":"2026-03-29T14:26:20","slug":"kalendar-soutezi","status":"publish","type":"page","link":"https:\/\/www.sk-kesl-ryu.cz\/index.php\/kalendar-soutezi\/","title":{"rendered":"Kalend\u00e1\u0159 akc\u00ed"},"content":{"rendered":"<p><img loading=\"lazy\" decoding=\"async\" class=\"wp-image-1515 alignleft\" src=\"http:\/\/www.sk-kesl-ryu.cz\/wp-content\/uploads\/2016\/10\/competitions-203x300.jpg\" alt=\"competitions\" width=\"120\" height=\"178\" srcset=\"https:\/\/www.sk-kesl-ryu.cz\/wp-content\/uploads\/2016\/10\/competitions-203x300.jpg 203w, https:\/\/www.sk-kesl-ryu.cz\/wp-content\/uploads\/2016\/10\/competitions.jpg 338w\" sizes=\"auto, (max-width: 120px) 100vw, 120px\" \/><\/p>\n<p style=\"text-align: justify;\">Pro lep\u0161\u00ed p\u0159ehled o po\u0159\u00e1dan\u00fdch sout\u011b\u017e\u00edch \u010cSKe, PSKe, \u010cABK a akc\u00edch na\u0161eho klubu, v\u00e1m p\u0159id\u00e1v\u00e1m kalend\u00e1\u0159. V\u011bt\u0161\u00edna sout\u011b\u017e\u00ed se ji\u017e hl\u00e1s\u00ed p\u0159edem v elektronick\u00e9 podob\u011b. Je tedy t\u0159eba br\u00e1t v potaz, \u017ee p\u0159ihl\u00e1\u0161en\u00ed na posledn\u00ed chv\u00edli u\u017e nen\u00ed mo\u017en\u00e9, a je nutn\u00e9&nbsp;se p\u0159ihl\u00e1sit s dostate\u010dn\u00fdm&nbsp;p\u0159edstihem. A to bu\u010f na tr\u00e9ninku, telefonicky nebo e-mailem.<\/p>\n<hr>\n<h3>&nbsp;<\/h3>\n<h3 style=\"text-align: center;\">&nbsp;Akce 2026<\/h3>\n<p>&nbsp;<\/p>\n<hr>\n<h6>Duben<\/h6>\n<p>11.4. &#8211; Poh\u00e1r nad\u011bj\u00ed, \u010cesk\u00e1 L\u00edpa<br \/>\n11.4. &#8211; Mistrovstv\u00ed st\u0159edo\u010desk\u00e9ho kraje, v\u0161echny kategorie + beginners, \u0158\u00ed\u010dany<br \/>\n18.4. &#8211; NP \u010cSKe, 1.kolo v\u0161echny kategorie krom\u011b \u017e\u00e1k\u016f, Plze\u0148<br \/>\n19.4. &#8211; NP \u010cSKe 1.kolo \u017e\u00e1ci, Plze\u0148<\/p>\n<hr>\n<h6>Kv\u011bten<\/h6>\n<p>2-3.5. &#8211; CZECH OPEN, mezin\u00e1rodn\u00ed, v\u0161echny kategorie, \u00dast\u00ed nad Labem<br \/>\n23.5. &#8211; Memori\u00e1l R. \u0160iansk\u00e9ho, v\u0161echny kategorie, Louny<br \/>\n24.5. &#8211; Mistrovstv\u00ed Prahy, v\u0161echny kategorie + beginners, Praha Radot\u00edn<br \/>\n30.5. &#8211; NP \u010cSKe, 2. kolo, v\u0161echny kategorie krom\u011b \u017e\u00e1k\u016f, \u010cesk\u00e9 Bud\u011bjovice<br \/>\n31.5. &#8211; NP \u010cSKe, 2. kolo, \u017e\u00e1ci, \u010cesk\u00e9 Bud\u011bjovice<\/p>\n<hr>\n<h6>\u010cerven<\/h6>\n<p>6-7.6. &#8211; Bohemie, v\u0161echny kategorie, \u010cesk\u00e9 Bud\u011bjovice<br \/>\n14.6. &#8211; M\u010cR z\u00e1pad beginners, pouze beginners, Kladno<br \/>\n20.6. &#8211; Funakoshi Cup, v\u0161echny kagetorie, \u010cesk\u00e1 L\u00edpa<br \/>\n22-23.6. &#8211; Letn\u00ed olympi\u00e1da ml\u00e1de\u017ee, po\u0159adatelstv\u00ed Praha<\/p>\n<hr>\n<h6>\u010cervenec<\/h6>\n<p>1-11.7. &#8211; LETN\u00cd CAMP KESL RYU<\/p>\n<hr>\n<p>&nbsp;<\/p>\n","protected":false},"excerpt":{"rendered":"<p>Pro lep\u0161\u00ed p\u0159ehled o po\u0159\u00e1dan\u00fdch sout\u011b\u017e\u00edch \u010cSKe, PSKe, \u010cABK a akc\u00edch na\u0161eho klubu, v\u00e1m p\u0159id\u00e1v\u00e1m kalend\u00e1\u0159. V\u011bt\u0161\u00edna sout\u011b\u017e\u00ed se ji\u017e<\/p>\n","protected":false},"author":1,"featured_media":0,"parent":0,"menu_order":0,"comment_status":"closed","ping_status":"closed","template":"","meta":{"colormag_page_container_layout":"default_layout","colormag_page_sidebar_layout":"default_layout","ngg_post_thumbnail":0,"footnotes":""},"class_list":["post-1514","page","type-page","status-publish","hentry"],"_links":{"self":[{"href":"https:\/\/www.sk-kesl-ryu.cz\/index.php\/wp-json\/wp\/v2\/pages\/1514","targetHints":{"allow":["GET"]}}],"collection":[{"href":"https:\/\/www.sk-kesl-ryu.cz\/index.php\/wp-json\/wp\/v2\/pages"}],"about":[{"href":"https:\/\/www.sk-kesl-ryu.cz\/index.php\/wp-json\/wp\/v2\/types\/page"}],"author":[{"embeddable":true,"href":"https:\/\/www.sk-kesl-ryu.cz\/index.php\/wp-json\/wp\/v2\/users\/1"}],"replies":[{"embeddable":true,"href":"https:\/\/www.sk-kesl-ryu.cz\/index.php\/wp-json\/wp\/v2\/comments?post=1514"}],"version-history":[{"count":165,"href":"https:\/\/www.sk-kesl-ryu.cz\/index.php\/wp-json\/wp\/v2\/pages\/1514\/revisions"}],"predecessor-version":[{"id":7520,"href":"https:\/\/www.sk-kesl-ryu.cz\/index.php\/wp-json\/wp\/v2\/pages\/1514\/revisions\/7520"}],"wp:attachment":[{"href":"https:\/\/www.sk-kesl-ryu.cz\/index.php\/wp-json\/wp\/v2\/media?parent=1514"}],"curies":[{"name":"wp","href":"https:\/\/api.w.org\/{rel}","templated":true}]}}