{"id":1686,"date":"2016-10-24T23:44:13","date_gmt":"2016-10-24T21:44:13","guid":{"rendered":"http:\/\/www.sk-kesl-ryu.cz\/?page_id=1686"},"modified":"2016-10-24T23:44:13","modified_gmt":"2016-10-24T21:44:13","slug":"svetovy-den-karate","status":"publish","type":"page","link":"https:\/\/www.sk-kesl-ryu.cz\/index.php\/aktuality\/svetovy-den-karate\/","title":{"rendered":"Sv\u011btov\u00fd den Karate"},"content":{"rendered":"<p><img loading=\"lazy\" decoding=\"async\" class=\"alignnone size-full wp-image-1692\" src=\"http:\/\/www.sk-kesl-ryu.cz\/wp-content\/uploads\/2016\/10\/sv\u011btov\u00fd-den-karate-1.jpg\" alt=\"svetovy-den-karate\" width=\"2410\" height=\"3107\" srcset=\"https:\/\/www.sk-kesl-ryu.cz\/wp-content\/uploads\/2016\/10\/sv\u011btov\u00fd-den-karate-1.jpg 2410w, https:\/\/www.sk-kesl-ryu.cz\/wp-content\/uploads\/2016\/10\/sv\u011btov\u00fd-den-karate-1-233x300.jpg 233w, https:\/\/www.sk-kesl-ryu.cz\/wp-content\/uploads\/2016\/10\/sv\u011btov\u00fd-den-karate-1-768x990.jpg 768w, https:\/\/www.sk-kesl-ryu.cz\/wp-content\/uploads\/2016\/10\/sv\u011btov\u00fd-den-karate-1-794x1024.jpg 794w\" sizes=\"auto, (max-width: 2410px) 100vw, 2410px\" \/><\/p>\n<p><img loading=\"lazy\" decoding=\"async\" class=\"alignleft wp-image-1687 size-medium\" src=\"http:\/\/www.sk-kesl-ryu.cz\/wp-content\/uploads\/2016\/10\/100KataPoster_TomoeRed_219x300-209x300-209x300.png\" alt=\"100kataposter_tomoered_219x300-209x300\" width=\"209\" height=\"300\" \/><\/p>\n<p style=\"text-align: justify;\">Nyn\u00ed se sv\u011btov\u00fd den Karate slav\u00ed tzv. &#8222;Okinawa challenge&#8220;, kdy v nejbli\u017e\u0161\u00ed sobotu kolem dne 25.10. se sejdou cvi\u010denci karate r\u016fzn\u00fdch styl\u016f po cel\u00e9m sv\u011bt\u011b a cvi\u010d\u00ed 100x jednu a tu samou kata. Letos se konal tento maraton kata ji\u017e pot\u0159et\u00ed, a to dne\u00a022.10.2016. Celkem se ho z\u00fa\u010dastnilo v\u00edce jak 10 000 karatek\u016f z cel\u00e9ho sv\u011bta.<\/p>\n<p>Je mo\u017en\u00e9 registrovat sv\u016fj klub na ofici\u00e1ln\u00edch webov\u00fdch str\u00e1nk\u00e1ch a p\u0159ipojit se tak ve\u0159ejn\u011b k oslav\u00e1m Sv\u011btov\u00e9ho dne Karate. Krom\u011b toho, \u017ee ve stejn\u00fd den a stejn\u00fd \u010das slav\u00ed cel\u00fd sv\u011bt v podob\u011b maratonu kata, vznik\u00e1 tak ka\u017edoro\u010dn\u011b i nov\u00fd sv\u011btov\u00fd rekord v po\u010dtu sou\u010dasn\u011b cvi\u010d\u00edc\u00edch karatek\u016f.<\/p>\n<p style=\"text-align: justify;\">Tohoto sv\u011btov\u00e9ho dne Karate a v\u00fdzvy 100 kata se ka\u017edoro\u010dn\u011b \u00fa\u010dastn\u00ed v\u00edce a v\u00edce st\u00e1t\u016f z r\u016fzn\u00fdch kontinent\u016f. Krom\u011b Okinawy t\u0159eba Francie, Hawaii, Venezuela, It\u00e1lie, \u0160pan\u011blsko a dal\u0161\u00ed&#8230;. a letos poprv\u00e9 i \u010cesk\u00e1 republika.<\/p>\n","protected":false},"excerpt":{"rendered":"<p>Nyn\u00ed se sv\u011btov\u00fd den Karate slav\u00ed tzv. &#8222;Okinawa challenge&#8220;, kdy v nejbli\u017e\u0161\u00ed sobotu kolem dne 25.10. se sejdou cvi\u010denci karate<\/p>\n","protected":false},"author":1,"featured_media":0,"parent":73,"menu_order":0,"comment_status":"closed","ping_status":"closed","template":"","meta":{"colormag_page_container_layout":"default_layout","colormag_page_sidebar_layout":"default_layout","ngg_post_thumbnail":0,"footnotes":""},"class_list":["post-1686","page","type-page","status-publish","hentry"],"_links":{"self":[{"href":"https:\/\/www.sk-kesl-ryu.cz\/index.php\/wp-json\/wp\/v2\/pages\/1686","targetHints":{"allow":["GET"]}}],"collection":[{"href":"https:\/\/www.sk-kesl-ryu.cz\/index.php\/wp-json\/wp\/v2\/pages"}],"about":[{"href":"https:\/\/www.sk-kesl-ryu.cz\/index.php\/wp-json\/wp\/v2\/types\/page"}],"author":[{"embeddable":true,"href":"https:\/\/www.sk-kesl-ryu.cz\/index.php\/wp-json\/wp\/v2\/users\/1"}],"replies":[{"embeddable":true,"href":"https:\/\/www.sk-kesl-ryu.cz\/index.php\/wp-json\/wp\/v2\/comments?post=1686"}],"version-history":[{"count":6,"href":"https:\/\/www.sk-kesl-ryu.cz\/index.php\/wp-json\/wp\/v2\/pages\/1686\/revisions"}],"predecessor-version":[{"id":1695,"href":"https:\/\/www.sk-kesl-ryu.cz\/index.php\/wp-json\/wp\/v2\/pages\/1686\/revisions\/1695"}],"up":[{"embeddable":true,"href":"https:\/\/www.sk-kesl-ryu.cz\/index.php\/wp-json\/wp\/v2\/pages\/73"}],"wp:attachment":[{"href":"https:\/\/www.sk-kesl-ryu.cz\/index.php\/wp-json\/wp\/v2\/media?parent=1686"}],"curies":[{"name":"wp","href":"https:\/\/api.w.org\/{rel}","templated":true}]}}