{"id":21,"date":"2016-09-09T19:26:08","date_gmt":"2016-09-09T17:26:08","guid":{"rendered":"http:\/\/www.sk-kesl-ryu.cz\/new\/?page_id=21"},"modified":"2021-12-30T11:11:21","modified_gmt":"2021-12-30T10:11:21","slug":"zpravodaj","status":"publish","type":"page","link":"https:\/\/www.sk-kesl-ryu.cz\/index.php\/zpravodaj\/","title":{"rendered":"Zpravodaj"},"content":{"rendered":"<p>NOV\u00c9 \u010c\u00cdSLO KLUBOV\u00c9HO ZPRAVODAJE NA WEBU I U &#8222;N\u00c1\u010cELN\u00cdKA&#8220;<\/p>\n<p><strong>Obsah \u010d\u00edsla 7\/2021<\/strong><br \/>\n&#8211; Mistrovstv\u00ed republiky nad o\u010dek\u00e1v\u00e1n\u00ed, i kdy\u017e&#8230;<br \/>\n&#8211; Akce a sout\u011b\u017ee 2022 preferovan\u00e9 na\u0161\u00edm klubem<br \/>\n&#8211; O t\u011bch, o kter\u00fdch je t\u0159eba v\u011bd\u011bt &#8211; nejlep\u0161\u00ed karateka na\u0161eho klubu 2021<br \/>\n&#8211; Za\u010d\u00e1te\u010dn\u00edci jsou nezbytn\u00ed pro klub, stejn\u011b jako byli kdysi dne\u0161n\u00ed mist\u0159i<br \/>\n&#8211; Moudro m\u011bs\u00edce<br \/>\n&#8211; Karateka, kter\u00fd je p\u0159\u00edkladem &#8211; Shihan Hanka Va\u0161\u00ed\u010dkov\u00e1 &#8211; 6th Dan<br \/>\n&#8211; \u010cetba na pokra\u010dov\u00e1n\u00ed \ud83d\ude42<\/p>\n<p>.pdf verze zpravodaje k vid\u011bn\u00ed zde:<\/p>\n<ul>\n<li><a href=\"http:\/\/www.sk-kesl-ryu.cz\/wp-content\/uploads\/2021\/12\/ZPR.7-2021.pdf\" target=\"_blank\" rel=\"noopener\">Zpravodaj 7\/2021<\/a><\/li>\n<\/ul>\n<p>&nbsp;<\/p>\n","protected":false},"excerpt":{"rendered":"<p>NOV\u00c9 \u010c\u00cdSLO KLUBOV\u00c9HO ZPRAVODAJE NA WEBU I U &#8222;N\u00c1\u010cELN\u00cdKA&#8220; Obsah \u010d\u00edsla 7\/2021 &#8211; Mistrovstv\u00ed republiky nad o\u010dek\u00e1v\u00e1n\u00ed, i kdy\u017e&#8230; &#8211;<\/p>\n","protected":false},"author":1,"featured_media":0,"parent":0,"menu_order":0,"comment_status":"closed","ping_status":"closed","template":"","meta":{"colormag_page_container_layout":"default_layout","colormag_page_sidebar_layout":"default_layout","ngg_post_thumbnail":0,"footnotes":""},"class_list":["post-21","page","type-page","status-publish","hentry"],"_links":{"self":[{"href":"https:\/\/www.sk-kesl-ryu.cz\/index.php\/wp-json\/wp\/v2\/pages\/21","targetHints":{"allow":["GET"]}}],"collection":[{"href":"https:\/\/www.sk-kesl-ryu.cz\/index.php\/wp-json\/wp\/v2\/pages"}],"about":[{"href":"https:\/\/www.sk-kesl-ryu.cz\/index.php\/wp-json\/wp\/v2\/types\/page"}],"author":[{"embeddable":true,"href":"https:\/\/www.sk-kesl-ryu.cz\/index.php\/wp-json\/wp\/v2\/users\/1"}],"replies":[{"embeddable":true,"href":"https:\/\/www.sk-kesl-ryu.cz\/index.php\/wp-json\/wp\/v2\/comments?post=21"}],"version-history":[{"count":65,"href":"https:\/\/www.sk-kesl-ryu.cz\/index.php\/wp-json\/wp\/v2\/pages\/21\/revisions"}],"predecessor-version":[{"id":6779,"href":"https:\/\/www.sk-kesl-ryu.cz\/index.php\/wp-json\/wp\/v2\/pages\/21\/revisions\/6779"}],"wp:attachment":[{"href":"https:\/\/www.sk-kesl-ryu.cz\/index.php\/wp-json\/wp\/v2\/media?parent=21"}],"curies":[{"name":"wp","href":"https:\/\/api.w.org\/{rel}","templated":true}]}}