{"id":23,"date":"2016-09-09T19:26:37","date_gmt":"2016-09-09T17:26:37","guid":{"rendered":"http:\/\/www.sk-kesl-ryu.cz\/new\/?page_id=23"},"modified":"2016-12-08T15:43:29","modified_gmt":"2016-12-08T14:43:29","slug":"saishokido","status":"publish","type":"page","link":"https:\/\/www.sk-kesl-ryu.cz\/index.php\/hlavni-stranka\/saishokido\/","title":{"rendered":"Saishokido"},"content":{"rendered":"<p style=\"text-align: justify;\"><strong>Saishokido &#8211; Martial Arts Way<\/strong><br \/>\nV\u00e1\u017een\u00ed p\u0159\u00e1tel\u00e9 bojov\u00fdch um\u011bn\u00ed, zvl\u00e1\u0161t\u011b Karate.<br \/>\nP\u0159edstavujeme v\u00e1m bojov\u00e9 um\u011bn\u00ed Saishokido, jeho\u017e z\u00e1kladem je Karate &#8211; styl Shotokan a jeho\u017e zam\u011b\u0159en\u00ed je pochopen\u00ed bojov\u00e9ho um\u011bn\u00ed ze v\u0161ech mo\u017en\u00fdch pohled\u016f, od sportu p\u0159es re\u00e1lnou sebeobranu, a\u017e po ultim\u00e1tn\u00ed z\u00e1pas. Saishokido vyu\u017e\u00edv\u00e1 prvky Karate, Aikido, Judo, Kickboxu a dal\u0161\u00edch bojov\u00fdch um\u011bn\u00ed, kter\u00e9 jsou pestrost\u00ed a rozsahem kombinac\u00ed zaji\u0161\u0165uje prakticky v\u0161estrannou orientaci p\u0159i sebeobran\u011b v boji ve stoje, na zemi, proti zbran\u00edm atd. Saishokido je bojov\u00e9 um\u011bn\u00ed, kde i sebeobrana proti zbrani a pr\u00e1ce se zbran\u011bmi d\u00e1ln\u00e9ho v\u00fdhodu &#8211; Kobudo &#8211; B\u00f3, Sai, Tonfa, Nunchaku, Kama je ned\u00edlnou sou\u010d\u00e1st\u00ed.<\/p>\n<p style=\"text-align: justify;\">Z\u00e1kladn\u00ed my\u0161lenkou Saishokido je vytvo\u0159it s\u00e1m sob\u011b optim\u00e1ln\u00ed \u017eivotn\u00ed cestu s pomoc\u00ed bojov\u00e9ho um\u011bn\u00ed bez n\u00e1sil\u00ed a s \u010dist\u00fdm \u0161t\u00edtem&#8230;<\/p>\n<p style=\"text-align: justify;\"><strong>Zakladatel Saishokido:<\/strong><br \/>\n<img loading=\"lazy\" decoding=\"async\" class=\"size-full wp-image-68 alignleft\" src=\"http:\/\/www.sk-kesl-ryu.cz\/wp-content\/uploads\/2016\/09\/kesl-danny.gif\" alt=\"kesl-danny\" width=\"163\" height=\"240\"><strong>Grand Master Danny Hazan<\/strong><br \/>\n9th Dan Saishokido<br \/>\n8th Dan Karate Shotokan<br \/>\n8th Dan Krav Maga<br \/>\n7th Dan Kyokushin Budokai<br \/>\n6th Dan Combat sambo<br \/>\n4th Dan Kobudo<br \/>\n2nd Dan Judo<br \/>\n1st Dan&nbsp;Brazilian Jiu Jitsu<br \/>\n1st Dan&nbsp;KickBoxing<\/p>\n<p style=\"text-align: justify;\"><img loading=\"lazy\" decoding=\"async\" class=\"size-full wp-image-70 alignright\" src=\"http:\/\/www.sk-kesl-ryu.cz\/wp-content\/uploads\/2016\/09\/kesl-danny_karel.jpg\" alt=\"kesl-danny_karel\" width=\"276\" height=\"240\"><br \/>\nJedin\u00fd instruktor pov\u011b\u0159en\u00fd v\u00fdukou Saishokido pro \u010ceskou republiku byl pov\u011b\u0159en osobn\u00ed \u017e\u00e1k GM. Dannyho Hazana, Master Karel Kesl 9th Dan a Saishokido je ned\u00edlnou sou\u010d\u00e1st\u00ed v\u00fduky Karate v SK Kesl Ryu Shotokan.<\/p>\n<p style=\"text-align: justify;\"><strong>Filozofie Saishokido<\/strong><br \/>\nSaishokido \u201ecesta z prvn\u00edho stromu &#8211; cesta bez limitu&#8230;\u201c, bylo vytvo\u0159eno z pot\u0159eby m\u00edt odpov\u011bdi na mnoho otev\u0159en\u00fdch ot\u00e1zek z r\u016fzn\u00fdch bojov\u00fdch um\u011bn\u00ed. Odpov\u011b\u010f zn\u00ed m\u00edt cestu a ne styl. V t\u00e9to cest\u011b je odpov\u011b\u010f na v\u011bt\u0161inu bojov\u00fdch situac\u00ed. Bez limitu, beze jm\u00e9na, jen realita a \u00fa\u010dinnost. A tak\u00e9 nejlep\u0161\u00ed cesta pro pochopen\u00ed star\u00fdch bojov\u00fdch um\u011bn\u00ed nov\u00fdm zp\u016fsobem. Mimo jin\u00e9 se v cest\u011b Saishokido lid\u00e9 u\u010d\u00ed respektovat v\u0161echna bojov\u00e1 um\u011bn\u00ed jako \u017eivotn\u00ed cestu.<\/p>\n<p style=\"text-align: justify;\"><strong>\u0160kola Saishokido v Izraeli<\/strong><\/p>\n<p style=\"text-align: justify;\"><img loading=\"lazy\" decoding=\"async\" class=\"alignleft wp-image-2211\" src=\"http:\/\/www.sk-kesl-ryu.cz\/wp-content\/uploads\/2016\/09\/photo-150x150.jpg\" alt=\"photo\" width=\"130\" height=\"130\" srcset=\"https:\/\/www.sk-kesl-ryu.cz\/wp-content\/uploads\/2016\/09\/photo-150x150.jpg 150w, https:\/\/www.sk-kesl-ryu.cz\/wp-content\/uploads\/2016\/09\/photo-300x300.jpg 300w, https:\/\/www.sk-kesl-ryu.cz\/wp-content\/uploads\/2016\/09\/photo.jpg 512w\" sizes=\"auto, (max-width: 130px) 100vw, 130px\" \/><\/p>\n<p style=\"text-align: justify;\">Shihanova \u0161kola bojov\u00fdch um\u011bn\u00ed v Izraeli m\u00e1 asi nyn\u00ed cca 600 \u010dlen\u016f a v\u0161ichni ovl\u00e1daj\u00ed alespo\u0148 \u010d\u00e1ste\u010dn\u011b Karate Shotokan a ostatn\u00ed v\u00fd\u0161e uveden\u00e1 bojov\u00e1 um\u011bn\u00ed. S\u00e1m d\u00e1le tr\u00e9nuje speci\u00e1ln\u00ed arm\u00e1dn\u00ed jednotky v Izraeli a osobn\u011b se \u00fa\u010dastnil mnoha utk\u00e1n\u00ed v ultim\u00e1tn\u00edm z\u00e1pasu. Jeho filozofie pro studenty bojov\u00fdch um\u011bn\u00ed je v\u0161estrannost, bojovn\u00e9 srdce, soust\u0159ed\u011bn\u00ed, rozvaha a maxim\u00e1ln\u00ed ovl\u00e1d\u00e1n\u00ed emoc\u00ed v jak\u00e9koliv situaci. Shihan s\u00e1m publikoval knihu bojov\u00e9ho um\u011bn\u00ed a dal\u0161\u00ed p\u0159ipravuje.<\/p>\n<p style=\"text-align: justify;\"><strong>V\u00fdcvik Kobudo<\/strong><br \/>\nV Kesl Ryu je ned\u00edlnou sou\u010d\u00e1st\u00ed tr\u00e9nink\u016f pr\u00e1ce s B\u00f3, Nunchaku, Tonfou. Kobudo je rovn\u011b\u017e povinnou \u010d\u00e1st\u00ed v\u00fdcviku ka\u017ed\u00e9ho Karateky z hlediska pochopen\u00ed z\u00e1klad\u016f uvoln\u011bn\u00ed, prota\u017een\u00ed a pos\u00edlen\u00ed cel\u00e9ho organismu, v\u010detn\u011b rozv\u00edjen\u00ed koncentrace a koordinace.<\/p>\n<p style=\"text-align: justify;\">Exhibi\u010dn\u00ed skupina Kobudo zalo\u017een\u00e1 na dobrovolnosti a z\u00e1jmu o tento nesm\u00edrn\u011b zaj\u00edmav\u00fd a motiva\u010dn\u00ed druh bojov\u00e9ho um\u011bn\u00ed v sob\u011b zahrnuje pr\u00e1ci s B\u00f3, Nunchaku, Sai, Tonfa a Kama. V\u0161ichni z\u00e1jemci jsou v\u00edt\u00e1ni, omezen\u00edm je 6. Kyu. Toto omezen\u00ed chr\u00e1n\u00ed za\u010d\u00ednaj\u00edc\u00ed Karateky od p\u0159\u00edpadn\u00e9ho zran\u011bn\u00ed zbran\u00ed, proto\u017ee pro pr\u00e1ci s v\u00fd\u0161e uveden\u00fdmi zbran\u011bmi je t\u0159eba znalost z\u00e1klad\u016f karate a ur\u010dit\u00e1 fyzick\u00e1 kondice.<\/p>\n<p style=\"text-align: justify;\"><strong>Kyokushin Kai<\/strong><br \/>\nJako kontaktn\u00ed styl Karate je sou\u010d\u00e1st\u00ed v\u00fdcviku Saishokido na\u0161ich Karatek\u016f z hlediska otu\u017eov\u00e1n\u00ed \u00faderov\u00fdch ploch, lep\u0161\u00ed pochopen\u00ed re\u00e1lnosti jak bojov\u00e9ho um\u011bn\u00ed tak sebeobrany a je ned\u00edlnou sou\u010d\u00e1st\u00ed Saishokido.<\/p>\n<p style=\"text-align: justify;\"><strong>Filozofie Kyokushin Kai<\/strong><br \/>\nCo je Kyokushin Karate? Pro n\u011bkoho je to rozv\u00edjen\u00ed a udr\u017eov\u00e1n\u00ed fyzick\u00e9 kondice a u\u010den\u00ed se efektivn\u00ed sebeobran\u011b. Pro jin\u00e9ho je to mnohem v\u00edce ne\u017e to. Je to zp\u016fsob \u017eivota a n\u011bco co dalece p\u0159ekra\u010duje fyzik\u00e1ln\u00ed aspekty tr\u00e9ninkov\u00e9ho procesu. Japonsko m\u00e1 pro takov\u00fd zp\u016fsob \u017eivota nebo cestu jeden v\u00fdraz ve kter\u00e9m je obsa\u017eeno v\u0161e a t\u00edm je BUDO. Kyokushin Karate je p\u0159edev\u0161\u00edm BUdo Karate. Podstata BUdo Karate se ned\u00e1 popsat v n\u011bkolika v\u011bt\u00e1ch. K pochopen\u00ed je t\u0159eba prostudovat materi\u00e1ly pojedn\u00e1vaj\u00edc\u00ed o bojov\u00fdch um\u011bn\u00edch kter\u00e9 jsou zcela z\u00e1sadn\u011b ovliv\u0148ov\u00e1ny tzv. v\u00fdchodn\u00edmi filozofiemi. Kyokushin karate, jako v\u011bt\u0161ina bojov\u00fdch um\u011bn\u00ed m\u00e1 sv\u00e9 ko\u0159eny v dalek\u00e9 historii v \u010dasech, kdy \u017eil Bodhidharma (Japonsky Daruma), kter\u00fd v \u0161est\u00e9m stolet\u00ed str\u00e1vil v kl\u00e1\u0161te\u0159e Shaolin v \u010c\u00edn\u011b, kde studoval tzv. Intuitivn\u00ed meditace zvan\u00e9 \u201eChan\u201c, v Japonsku pod n\u00e1zvem ZEN. S pomoc\u00ed t\u00e9to metody studoval vesm\u00edrn\u00e9 jevy ani\u017e by proch\u00e1zel s\u00e1hodlouh\u00e9 religiozn\u00ed texty. Legenda prav\u00ed, \u017ee v poloze zazenu sm\u011brem ke zdi kl\u00e1\u0161tera meditoval dev\u011bt let ne\u017e dos\u00e1hl osv\u00edcen\u00ed. Bodhidharma rozv\u00edjel bojov\u00e1 um\u011bn\u00ed a jejich v\u00fdcvikov\u00fd re\u017eim spole\u010dn\u011b s ment\u00e1ln\u00edm cvi\u010den\u00ed. Za dal\u0161\u00edch p\u00e1r stolet\u00ed se filozofie CHAN neboli ZEN roz\u0161\u00ed\u0159ila po cel\u00e9 Asii a tak\u00e9 na Okinawu a Japonsko. Zen a bojov\u00e1 um\u011bn\u00ed pak hluboce ovlivnili a st\u00e1le je\u0161t\u011b ovliv\u0148uj\u00ed celou Japonskou spole\u010dnost, a nemus\u00ed se nutn\u011b jednat v\u017edy o bojov\u00e1 um\u011bn\u00ed ale i o jin\u00e9 oblasti b\u011b\u017en\u00e9ho \u017eivota. Ten kdo chce j\u00edt ke ko\u0159en\u016fm bojov\u00fdch um\u011bn\u00ed mus\u00ed naj\u00edt cestu k Zenu.<\/p>\n","protected":false},"excerpt":{"rendered":"<p>Saishokido &#8211; Martial Arts Way V\u00e1\u017een\u00ed p\u0159\u00e1tel\u00e9 bojov\u00fdch um\u011bn\u00ed, zvl\u00e1\u0161t\u011b Karate. P\u0159edstavujeme v\u00e1m bojov\u00e9 um\u011bn\u00ed Saishokido, jeho\u017e z\u00e1kladem je Karate<\/p>\n","protected":false},"author":1,"featured_media":0,"parent":4,"menu_order":0,"comment_status":"closed","ping_status":"closed","template":"","meta":{"colormag_page_container_layout":"default_layout","colormag_page_sidebar_layout":"default_layout","ngg_post_thumbnail":0,"footnotes":""},"class_list":["post-23","page","type-page","status-publish","hentry"],"_links":{"self":[{"href":"https:\/\/www.sk-kesl-ryu.cz\/index.php\/wp-json\/wp\/v2\/pages\/23","targetHints":{"allow":["GET"]}}],"collection":[{"href":"https:\/\/www.sk-kesl-ryu.cz\/index.php\/wp-json\/wp\/v2\/pages"}],"about":[{"href":"https:\/\/www.sk-kesl-ryu.cz\/index.php\/wp-json\/wp\/v2\/types\/page"}],"author":[{"embeddable":true,"href":"https:\/\/www.sk-kesl-ryu.cz\/index.php\/wp-json\/wp\/v2\/users\/1"}],"replies":[{"embeddable":true,"href":"https:\/\/www.sk-kesl-ryu.cz\/index.php\/wp-json\/wp\/v2\/comments?post=23"}],"version-history":[{"count":17,"href":"https:\/\/www.sk-kesl-ryu.cz\/index.php\/wp-json\/wp\/v2\/pages\/23\/revisions"}],"predecessor-version":[{"id":2389,"href":"https:\/\/www.sk-kesl-ryu.cz\/index.php\/wp-json\/wp\/v2\/pages\/23\/revisions\/2389"}],"up":[{"embeddable":true,"href":"https:\/\/www.sk-kesl-ryu.cz\/index.php\/wp-json\/wp\/v2\/pages\/4"}],"wp:attachment":[{"href":"https:\/\/www.sk-kesl-ryu.cz\/index.php\/wp-json\/wp\/v2\/media?parent=23"}],"curies":[{"name":"wp","href":"https:\/\/api.w.org\/{rel}","templated":true}]}}