{"id":4715,"date":"2017-09-01T13:46:32","date_gmt":"2017-09-01T11:46:32","guid":{"rendered":"http:\/\/www.sk-kesl-ryu.cz\/?page_id=4715"},"modified":"2024-08-13T19:23:11","modified_gmt":"2024-08-13T17:23:11","slug":"veletrh-volnocasovych-aktivit","status":"publish","type":"page","link":"https:\/\/www.sk-kesl-ryu.cz\/index.php\/aktuality\/veletrh-volnocasovych-aktivit\/","title":{"rendered":"Veletrh volno\u010dasov\u00fdch aktivit"},"content":{"rendered":"<p>V\u00e1\u017een\u00ed<\/p>\n<p>U\u017e 14.9. n\u00e1s \u010dek\u00e1 op\u011bt mod\u0159ansk\u00fd den, jeho\u017e \u00fasp\u011b\u0161nost (n\u00e1bor nov\u00fdch \u010dlen\u016f) v\u00edcem\u00e9n\u011b rozhoduje jestli udr\u017e\u00edme odd\u00edlov\u00e9 p\u0159\u00edsp\u011bvky ve stejn\u00e9 v\u00fd\u0161i, proto\u017ee \u0161kola op\u011bt zdra\u017eila&#8230;<\/p>\n<p>V\u0161ichni dobrovoln\u00edci na uk\u00e1zky vystoupen\u00ed a do na\u0161eho prezenta\u010dn\u00edho st\u00e1nku jsou v\u00edt\u00e1ni a p\u0159ihl\u00e1\u0161ky m\u016f\u017eete pos\u00edlat na moji emailovou adresu.<\/p>\n<p>P\u0159edem d\u00edky a hezk\u00fd zbytek pr\u00e1zdnin<\/p>\n<p>K.<\/p>\n<p><img loading=\"lazy\" decoding=\"async\" class=\"alignnone size-large wp-image-5629\" src=\"http:\/\/www.sk-kesl-ryu.cz\/wp-content\/uploads\/2018\/08\/Image-1024x683.jpeg\" alt=\"\" width=\"800\" height=\"534\" srcset=\"https:\/\/www.sk-kesl-ryu.cz\/wp-content\/uploads\/2018\/08\/Image-1024x683.jpeg 1024w, https:\/\/www.sk-kesl-ryu.cz\/wp-content\/uploads\/2018\/08\/Image-300x200.jpeg 300w, https:\/\/www.sk-kesl-ryu.cz\/wp-content\/uploads\/2018\/08\/Image-768x512.jpeg 768w, https:\/\/www.sk-kesl-ryu.cz\/wp-content\/uploads\/2018\/08\/Image.jpeg 1335w\" sizes=\"auto, (max-width: 800px) 100vw, 800px\" \/><\/p>\n<p><img loading=\"lazy\" decoding=\"async\" class=\"alignnone size-large wp-image-5628\" src=\"http:\/\/www.sk-kesl-ryu.cz\/wp-content\/uploads\/2018\/08\/Image-1-1024x683.jpeg\" alt=\"\" width=\"800\" height=\"534\" srcset=\"https:\/\/www.sk-kesl-ryu.cz\/wp-content\/uploads\/2018\/08\/Image-1-1024x683.jpeg 1024w, https:\/\/www.sk-kesl-ryu.cz\/wp-content\/uploads\/2018\/08\/Image-1-300x200.jpeg 300w, https:\/\/www.sk-kesl-ryu.cz\/wp-content\/uploads\/2018\/08\/Image-1-768x512.jpeg 768w, https:\/\/www.sk-kesl-ryu.cz\/wp-content\/uploads\/2018\/08\/Image-1.jpeg 1335w\" sizes=\"auto, (max-width: 800px) 100vw, 800px\" \/><\/p>\n","protected":false},"excerpt":{"rendered":"<p>V\u00e1\u017een\u00ed U\u017e 14.9. n\u00e1s \u010dek\u00e1 op\u011bt mod\u0159ansk\u00fd den, jeho\u017e \u00fasp\u011b\u0161nost (n\u00e1bor nov\u00fdch \u010dlen\u016f) v\u00edcem\u00e9n\u011b rozhoduje jestli udr\u017e\u00edme odd\u00edlov\u00e9 p\u0159\u00edsp\u011bvky ve<\/p>\n","protected":false},"author":1,"featured_media":0,"parent":73,"menu_order":0,"comment_status":"closed","ping_status":"closed","template":"","meta":{"colormag_page_container_layout":"default_layout","colormag_page_sidebar_layout":"default_layout","ngg_post_thumbnail":0,"footnotes":""},"class_list":["post-4715","page","type-page","status-publish","hentry"],"_links":{"self":[{"href":"https:\/\/www.sk-kesl-ryu.cz\/index.php\/wp-json\/wp\/v2\/pages\/4715","targetHints":{"allow":["GET"]}}],"collection":[{"href":"https:\/\/www.sk-kesl-ryu.cz\/index.php\/wp-json\/wp\/v2\/pages"}],"about":[{"href":"https:\/\/www.sk-kesl-ryu.cz\/index.php\/wp-json\/wp\/v2\/types\/page"}],"author":[{"embeddable":true,"href":"https:\/\/www.sk-kesl-ryu.cz\/index.php\/wp-json\/wp\/v2\/users\/1"}],"replies":[{"embeddable":true,"href":"https:\/\/www.sk-kesl-ryu.cz\/index.php\/wp-json\/wp\/v2\/comments?post=4715"}],"version-history":[{"count":5,"href":"https:\/\/www.sk-kesl-ryu.cz\/index.php\/wp-json\/wp\/v2\/pages\/4715\/revisions"}],"predecessor-version":[{"id":7307,"href":"https:\/\/www.sk-kesl-ryu.cz\/index.php\/wp-json\/wp\/v2\/pages\/4715\/revisions\/7307"}],"up":[{"embeddable":true,"href":"https:\/\/www.sk-kesl-ryu.cz\/index.php\/wp-json\/wp\/v2\/pages\/73"}],"wp:attachment":[{"href":"https:\/\/www.sk-kesl-ryu.cz\/index.php\/wp-json\/wp\/v2\/media?parent=4715"}],"curies":[{"name":"wp","href":"https:\/\/api.w.org\/{rel}","templated":true}]}}