{"id":4980,"date":"2018-02-13T16:33:21","date_gmt":"2018-02-13T15:33:21","guid":{"rendered":"http:\/\/www.sk-kesl-ryu.cz\/?page_id=4980"},"modified":"2023-05-09T19:15:07","modified_gmt":"2023-05-09T17:15:07","slug":"kde-trenujeme","status":"publish","type":"page","link":"https:\/\/www.sk-kesl-ryu.cz\/index.php\/kontakt\/kde-trenujeme\/","title":{"rendered":"Kde tr\u00e9nujeme"},"content":{"rendered":"<h2><a href=\"http:\/\/www.sk-kesl-ryu.cz\/wp-content\/uploads\/2016\/09\/EB_silhouette.jpg\"><img loading=\"lazy\" decoding=\"async\" class=\"alignnone size-full wp-image-1451\" src=\"http:\/\/www.sk-kesl-ryu.cz\/wp-content\/uploads\/2016\/09\/EB_silhouette.jpg\" alt=\"\" width=\"275\" height=\"95\"><\/a><\/h2>\n<p>Tr\u00e9ninky prob\u00edhaj\u00ed v Z\u0160 Rakovsk\u00e9ho, Praha 4 &#8211; Mod\u0159any<br \/>\nVchod je z ulice Pejevov\u00e9 p\u0159es nov\u011b postaven\u00e9 d\u011btsk\u00e9 h\u0159i\u0161t\u011b R\u00e1\u010dek.<\/p>\n<hr>\n<h6>Tr\u00e9ninky<\/h6>\n<p><strong>PO, \u00daT, ST, \u010cT<\/strong> &#8211; 18:00 &#8211; 20 pokro\u010dil\u00ed od 6.kyu v\u010detn\u011b a v\u00fd\u0161e<\/p>\n<p><strong>\u00daT, \u010cT<\/strong> &#8211; 18:00 \u2013 19:00 za\u010d\u00e1te\u010dn\u00edci do 7.kyu v\u010detn\u011b<\/p>\n<p>Dal\u0161\u00ed info u n\u00e1\u010deln\u00edka:-)<\/p>\n","protected":false},"excerpt":{"rendered":"<p>Tr\u00e9ninky prob\u00edhaj\u00ed v Z\u0160 Rakovsk\u00e9ho, Praha 4 &#8211; Mod\u0159any Vchod je z ulice Pejevov\u00e9 p\u0159es nov\u011b postaven\u00e9 d\u011btsk\u00e9 h\u0159i\u0161t\u011b R\u00e1\u010dek.<\/p>\n","protected":false},"author":1,"featured_media":0,"parent":13,"menu_order":0,"comment_status":"closed","ping_status":"closed","template":"","meta":{"colormag_page_container_layout":"default_layout","colormag_page_sidebar_layout":"default_layout","ngg_post_thumbnail":0,"footnotes":""},"class_list":["post-4980","page","type-page","status-publish","hentry"],"_links":{"self":[{"href":"https:\/\/www.sk-kesl-ryu.cz\/index.php\/wp-json\/wp\/v2\/pages\/4980","targetHints":{"allow":["GET"]}}],"collection":[{"href":"https:\/\/www.sk-kesl-ryu.cz\/index.php\/wp-json\/wp\/v2\/pages"}],"about":[{"href":"https:\/\/www.sk-kesl-ryu.cz\/index.php\/wp-json\/wp\/v2\/types\/page"}],"author":[{"embeddable":true,"href":"https:\/\/www.sk-kesl-ryu.cz\/index.php\/wp-json\/wp\/v2\/users\/1"}],"replies":[{"embeddable":true,"href":"https:\/\/www.sk-kesl-ryu.cz\/index.php\/wp-json\/wp\/v2\/comments?post=4980"}],"version-history":[{"count":9,"href":"https:\/\/www.sk-kesl-ryu.cz\/index.php\/wp-json\/wp\/v2\/pages\/4980\/revisions"}],"predecessor-version":[{"id":6864,"href":"https:\/\/www.sk-kesl-ryu.cz\/index.php\/wp-json\/wp\/v2\/pages\/4980\/revisions\/6864"}],"up":[{"embeddable":true,"href":"https:\/\/www.sk-kesl-ryu.cz\/index.php\/wp-json\/wp\/v2\/pages\/13"}],"wp:attachment":[{"href":"https:\/\/www.sk-kesl-ryu.cz\/index.php\/wp-json\/wp\/v2\/media?parent=4980"}],"curies":[{"name":"wp","href":"https:\/\/api.w.org\/{rel}","templated":true}]}}