{"id":520,"date":"2016-10-03T12:12:44","date_gmt":"2016-10-03T10:12:44","guid":{"rendered":"http:\/\/www.sk-kesl-ryu.cz\/?page_id=520"},"modified":"2018-03-07T18:26:39","modified_gmt":"2018-03-07T17:26:39","slug":"foto-2014","status":"publish","type":"page","link":"https:\/\/www.sk-kesl-ryu.cz\/index.php\/galerie\/foto-2014\/","title":{"rendered":"Foto 2014"},"content":{"rendered":"[ezcol_1third]P\u0159ebor Prahy<br \/>\n<a href=\"http:\/\/www.sk-kesl-ryu.cz\/index.php\/prebor-prahy-2014\/\"><img loading=\"lazy\" decoding=\"async\" class=\"alignnone wp-image-533 size-thumbnail\" src=\"http:\/\/www.sk-kesl-ryu.cz\/wp-content\/uploads\/2016\/10\/DSC_0229-150x150.jpg\" alt=\"dsc_0229\" width=\"150\" height=\"150\"><\/a><br \/>\n[\/ezcol_1third]\n[ezcol_1third]Zimn\u00ed soust\u0159ed\u011bn\u00ed<br \/>\n<a href=\"http:\/\/www.sk-kesl-ryu.cz\/index.php\/zimni-soustredeni-2014\/\"><img loading=\"lazy\" decoding=\"async\" class=\"alignnone wp-image-534 size-thumbnail\" src=\"http:\/\/www.sk-kesl-ryu.cz\/wp-content\/uploads\/2016\/10\/030-150x150.jpg\" alt=\"030\" width=\"150\" height=\"150\"><\/a><br \/>\n[\/ezcol_1third]\n[ezcol_1third_end]GM Danny Hazan<br \/>\n<a href=\"http:\/\/www.sk-kesl-ryu.cz\/index.php\/gm-danny-hazan-2014\/\"><img loading=\"lazy\" decoding=\"async\" class=\"alignnone wp-image-223 size-thumbnail\" src=\"http:\/\/www.sk-kesl-ryu.cz\/wp-content\/uploads\/2016\/09\/DSC_2633-150x150.jpg\" alt=\"dsc_2633\" width=\"150\" height=\"150\"><\/a><br \/>\n[\/ezcol_1third_end]\n[ezcol_1third]Letn\u00ed Soust\u0159ed\u011bn\u00ed<br \/>\n<a href=\"http:\/\/www.sk-kesl-ryu.cz\/index.php\/letni-camp-2014\/\"><img loading=\"lazy\" decoding=\"async\" class=\"alignnone wp-image-4180 size-thumbnail\" src=\"http:\/\/www.sk-kesl-ryu.cz\/wp-content\/uploads\/2017\/06\/camp-l\u00e9to-2014-02-149-150x150.jpg\" alt=\"\" width=\"150\" height=\"150\"><br \/>\n<\/a>[\/ezcol_1third]\n<p>&nbsp;<\/p>\n","protected":false},"excerpt":{"rendered":"<p>[ezcol_1third]P\u0159ebor Prahy [\/ezcol_1third] [ezcol_1third]Zimn\u00ed soust\u0159ed\u011bn\u00ed [\/ezcol_1third] [ezcol_1third_end]GM Danny Hazan [\/ezcol_1third_end] [ezcol_1third]Letn\u00ed Soust\u0159ed\u011bn\u00ed [\/ezcol_1third] &nbsp;<\/p>\n","protected":false},"author":1,"featured_media":0,"parent":328,"menu_order":0,"comment_status":"closed","ping_status":"closed","template":"","meta":{"colormag_page_container_layout":"default_layout","colormag_page_sidebar_layout":"default_layout","ngg_post_thumbnail":0,"footnotes":""},"class_list":["post-520","page","type-page","status-publish","hentry"],"_links":{"self":[{"href":"https:\/\/www.sk-kesl-ryu.cz\/index.php\/wp-json\/wp\/v2\/pages\/520","targetHints":{"allow":["GET"]}}],"collection":[{"href":"https:\/\/www.sk-kesl-ryu.cz\/index.php\/wp-json\/wp\/v2\/pages"}],"about":[{"href":"https:\/\/www.sk-kesl-ryu.cz\/index.php\/wp-json\/wp\/v2\/types\/page"}],"author":[{"embeddable":true,"href":"https:\/\/www.sk-kesl-ryu.cz\/index.php\/wp-json\/wp\/v2\/users\/1"}],"replies":[{"embeddable":true,"href":"https:\/\/www.sk-kesl-ryu.cz\/index.php\/wp-json\/wp\/v2\/comments?post=520"}],"version-history":[{"count":17,"href":"https:\/\/www.sk-kesl-ryu.cz\/index.php\/wp-json\/wp\/v2\/pages\/520\/revisions"}],"predecessor-version":[{"id":5211,"href":"https:\/\/www.sk-kesl-ryu.cz\/index.php\/wp-json\/wp\/v2\/pages\/520\/revisions\/5211"}],"up":[{"embeddable":true,"href":"https:\/\/www.sk-kesl-ryu.cz\/index.php\/wp-json\/wp\/v2\/pages\/328"}],"wp:attachment":[{"href":"https:\/\/www.sk-kesl-ryu.cz\/index.php\/wp-json\/wp\/v2\/media?parent=520"}],"curies":[{"name":"wp","href":"https:\/\/api.w.org\/{rel}","templated":true}]}}