{"id":522,"date":"2016-10-03T12:12:56","date_gmt":"2016-10-03T10:12:56","guid":{"rendered":"http:\/\/www.sk-kesl-ryu.cz\/?page_id=522"},"modified":"2017-06-30T20:02:44","modified_gmt":"2017-06-30T18:02:44","slug":"foto-2015","status":"publish","type":"page","link":"https:\/\/www.sk-kesl-ryu.cz\/index.php\/galerie\/foto-2015\/","title":{"rendered":"Foto 2015"},"content":{"rendered":"[ezcol_1third]Semin\u00e1\u0159 Praha<\/p>\n<p><a href=\"http:\/\/www.sk-kesl-ryu.cz\/index.php\/seminar-praha-2015\/\"><img loading=\"lazy\" decoding=\"async\" class=\"alignnone wp-image-1396 size-thumbnail\" src=\"http:\/\/www.sk-kesl-ryu.cz\/wp-content\/uploads\/2016\/10\/DSC_6949-150x150.jpg\" alt=\"dsc_6949\" width=\"150\" height=\"150\"><\/a><\/p>\n[\/ezcol_1third]\n[ezcol_1third]Narozeninov\u00fd camp<\/p>\n<p><a href=\"http:\/\/www.sk-kesl-ryu.cz\/index.php\/radostin-kveten-2015\/\"><img loading=\"lazy\" decoding=\"async\" class=\"alignnone wp-image-1397 size-thumbnail\" src=\"http:\/\/www.sk-kesl-ryu.cz\/wp-content\/uploads\/2016\/10\/DSC_1032-150x150.jpg\" alt=\"dsc_1032\" width=\"150\" height=\"150\"><\/a><\/p>\n[\/ezcol_1third]\n[ezcol_1third_end]Soust\u0159ed\u011bn\u00ed Radost\u00edn l\u00e9to<\/p>\n<p><a href=\"http:\/\/www.sk-kesl-ryu.cz\/index.php\/soustredeni-radostin-leto\/\"><img loading=\"lazy\" decoding=\"async\" class=\"alignnone wp-image-1395 size-thumbnail\" src=\"http:\/\/www.sk-kesl-ryu.cz\/wp-content\/uploads\/2016\/10\/DSC_2739-150x150.jpg\" alt=\"dsc_2739\" width=\"150\" height=\"150\"><\/a><\/p>\n[\/ezcol_1third_end]\n[ezcol_1third]MS UWK Slovinsko<\/p>\n<p><a href=\"http:\/\/www.sk-kesl-ryu.cz\/index.php\/ms-uwk-slovinsko-2015\/\"><img loading=\"lazy\" decoding=\"async\" class=\"alignnone wp-image-1999 size-thumbnail\" src=\"http:\/\/www.sk-kesl-ryu.cz\/wp-content\/uploads\/2016\/10\/20151018_204307-150x150.jpg\" alt=\"20151018_204307\" width=\"150\" height=\"150\"><\/a><\/p>\n[\/ezcol_1third]\n[ezcol_1third]Zimn\u00ed Camp&nbsp;<\/p>\n<p><a href=\"http:\/\/www.sk-kesl-ryu.cz\/wp-content\/uploads\/2016\/10\/DSC1.jpg\"><\/a><a href=\"http:\/\/www.sk-kesl-ryu.cz\/index.php\/zimni-camp-2015\/\"><img loading=\"lazy\" decoding=\"async\" class=\"alignnone wp-image-4193 size-thumbnail\" src=\"http:\/\/www.sk-kesl-ryu.cz\/wp-content\/uploads\/2016\/10\/DSC1-150x150.jpg\" alt=\"\" width=\"150\" height=\"150\"><\/a><a href=\"http:\/\/www.sk-kesl-ryu.cz\/index.php\/zimni-camp-2015\/\"><br \/>\n<\/a>[\/ezcol_1third]\n<p>&nbsp;<\/p>\n","protected":false},"excerpt":{"rendered":"<p>[ezcol_1third]Semin\u00e1\u0159 Praha [\/ezcol_1third] [ezcol_1third]Narozeninov\u00fd camp [\/ezcol_1third] [ezcol_1third_end]Soust\u0159ed\u011bn\u00ed Radost\u00edn l\u00e9to [\/ezcol_1third_end] [ezcol_1third]MS UWK Slovinsko [\/ezcol_1third] [ezcol_1third]Zimn\u00ed Camp&nbsp; [\/ezcol_1third] &nbsp;<\/p>\n","protected":false},"author":1,"featured_media":0,"parent":328,"menu_order":0,"comment_status":"closed","ping_status":"closed","template":"","meta":{"colormag_page_container_layout":"default_layout","colormag_page_sidebar_layout":"default_layout","ngg_post_thumbnail":0,"footnotes":""},"class_list":["post-522","page","type-page","status-publish","hentry"],"_links":{"self":[{"href":"https:\/\/www.sk-kesl-ryu.cz\/index.php\/wp-json\/wp\/v2\/pages\/522","targetHints":{"allow":["GET"]}}],"collection":[{"href":"https:\/\/www.sk-kesl-ryu.cz\/index.php\/wp-json\/wp\/v2\/pages"}],"about":[{"href":"https:\/\/www.sk-kesl-ryu.cz\/index.php\/wp-json\/wp\/v2\/types\/page"}],"author":[{"embeddable":true,"href":"https:\/\/www.sk-kesl-ryu.cz\/index.php\/wp-json\/wp\/v2\/users\/1"}],"replies":[{"embeddable":true,"href":"https:\/\/www.sk-kesl-ryu.cz\/index.php\/wp-json\/wp\/v2\/comments?post=522"}],"version-history":[{"count":16,"href":"https:\/\/www.sk-kesl-ryu.cz\/index.php\/wp-json\/wp\/v2\/pages\/522\/revisions"}],"predecessor-version":[{"id":1394,"href":"https:\/\/www.sk-kesl-ryu.cz\/index.php\/wp-json\/wp\/v2\/pages\/522\/revisions\/1394"}],"up":[{"embeddable":true,"href":"https:\/\/www.sk-kesl-ryu.cz\/index.php\/wp-json\/wp\/v2\/pages\/328"}],"wp:attachment":[{"href":"https:\/\/www.sk-kesl-ryu.cz\/index.php\/wp-json\/wp\/v2\/media?parent=522"}],"curies":[{"name":"wp","href":"https:\/\/api.w.org\/{rel}","templated":true}]}}