{"id":6389,"date":"2020-03-25T16:10:14","date_gmt":"2020-03-25T15:10:14","guid":{"rendered":"http:\/\/www.sk-kesl-ryu.cz\/?page_id=6389"},"modified":"2023-08-08T06:09:36","modified_gmt":"2023-08-08T04:09:36","slug":"karate-na-doma","status":"publish","type":"page","link":"https:\/\/www.sk-kesl-ryu.cz\/index.php\/karate-na-doma\/","title":{"rendered":"Karate na doma"},"content":{"rendered":"<p>Borci, p\u0159idal jsem na web studijn\u00ed materi\u00e1l na doma. Kdo chce b\u00fdt nejlep\u0161\u00ed, nem\u016f\u017ee doma jen tak zah\u00e1let.<\/p>\n<p>Tak\u017ee tr\u00e9nujte sami, studujte a vid\u00edme se na tr\u00e9ninku!<\/p>\n<p>N\u00e1\u010deln\u00edk<\/p>\n<p>&nbsp;<\/p>\n<p><strong>TECHNIKY<\/strong><\/p>\n<p><a href=\"http:\/\/www.sk-kesl-ryu.cz\/index.php\/karate-na-doma\/techniky\/\" target=\"_blank\" rel=\"noopener noreferrer\"><img loading=\"lazy\" decoding=\"async\" class=\"alignnone wp-image-6467 size-full\" src=\"http:\/\/www.sk-kesl-ryu.cz\/wp-content\/uploads\/2020\/03\/51n0Dg7ir3L._SR600315_PIWhiteStripBottomLeft035_SCLZZZZZZZ_.jpg\" alt=\"\" width=\"600\" height=\"350\" srcset=\"https:\/\/www.sk-kesl-ryu.cz\/wp-content\/uploads\/2020\/03\/51n0Dg7ir3L._SR600315_PIWhiteStripBottomLeft035_SCLZZZZZZZ_.jpg 600w, https:\/\/www.sk-kesl-ryu.cz\/wp-content\/uploads\/2020\/03\/51n0Dg7ir3L._SR600315_PIWhiteStripBottomLeft035_SCLZZZZZZZ_-300x175.jpg 300w\" sizes=\"auto, (max-width: 600px) 100vw, 600px\" \/><\/a><\/p>\n<p><strong>VIDEOTR\u00c9NINK<\/strong><\/p>\n<p><a href=\"http:\/\/www.sk-kesl-ryu.cz\/index.php\/karate-na-doma\/videotrenink\/\" target=\"_blank\" rel=\"noopener noreferrer\"><img loading=\"lazy\" decoding=\"async\" class=\"alignnone wp-image-6463 size-full\" src=\"http:\/\/www.sk-kesl-ryu.cz\/wp-content\/uploads\/2020\/03\/5564946_youtube-kids-v0.jpg\" alt=\"\" width=\"620\" height=\"328\" srcset=\"https:\/\/www.sk-kesl-ryu.cz\/wp-content\/uploads\/2020\/03\/5564946_youtube-kids-v0.jpg 620w, https:\/\/www.sk-kesl-ryu.cz\/wp-content\/uploads\/2020\/03\/5564946_youtube-kids-v0-300x159.jpg 300w, https:\/\/www.sk-kesl-ryu.cz\/wp-content\/uploads\/2020\/03\/5564946_youtube-kids-v0-390x205.jpg 390w\" sizes=\"auto, (max-width: 620px) 100vw, 620px\" \/><\/a><\/p>\n<p>&nbsp;<\/p>\n<p><strong>ZKU\u0160EBN\u00cd \u0158\u00c1D<\/strong><\/p>\n<p><a href=\"http:\/\/www.sk-kesl-ryu.cz\/wp-content\/uploads\/2020\/03\/ZKU\u0160EBN\u00cd-\u0158\u00c1D-SK-KESL-RYU-2019.pdf\" target=\"_blank\" rel=\"noopener noreferrer\"><img loading=\"lazy\" decoding=\"async\" class=\"aligncenter wp-image-6482 size-full\" src=\"http:\/\/www.sk-kesl-ryu.cz\/wp-content\/uploads\/2020\/03\/black_belt.gif\" alt=\"\" width=\"200\" height=\"200\"><\/a><\/p>\n<p>&nbsp;<\/p>\n","protected":false},"excerpt":{"rendered":"<p>Borci, p\u0159idal jsem na web studijn\u00ed materi\u00e1l na doma. Kdo chce b\u00fdt nejlep\u0161\u00ed, nem\u016f\u017ee doma jen tak zah\u00e1let. Tak\u017ee tr\u00e9nujte<\/p>\n","protected":false},"author":1,"featured_media":0,"parent":0,"menu_order":0,"comment_status":"closed","ping_status":"closed","template":"","meta":{"colormag_page_container_layout":"default_layout","colormag_page_sidebar_layout":"default_layout","ngg_post_thumbnail":0,"footnotes":""},"class_list":["post-6389","page","type-page","status-publish","hentry"],"_links":{"self":[{"href":"https:\/\/www.sk-kesl-ryu.cz\/index.php\/wp-json\/wp\/v2\/pages\/6389","targetHints":{"allow":["GET"]}}],"collection":[{"href":"https:\/\/www.sk-kesl-ryu.cz\/index.php\/wp-json\/wp\/v2\/pages"}],"about":[{"href":"https:\/\/www.sk-kesl-ryu.cz\/index.php\/wp-json\/wp\/v2\/types\/page"}],"author":[{"embeddable":true,"href":"https:\/\/www.sk-kesl-ryu.cz\/index.php\/wp-json\/wp\/v2\/users\/1"}],"replies":[{"embeddable":true,"href":"https:\/\/www.sk-kesl-ryu.cz\/index.php\/wp-json\/wp\/v2\/comments?post=6389"}],"version-history":[{"count":16,"href":"https:\/\/www.sk-kesl-ryu.cz\/index.php\/wp-json\/wp\/v2\/pages\/6389\/revisions"}],"predecessor-version":[{"id":6920,"href":"https:\/\/www.sk-kesl-ryu.cz\/index.php\/wp-json\/wp\/v2\/pages\/6389\/revisions\/6920"}],"wp:attachment":[{"href":"https:\/\/www.sk-kesl-ryu.cz\/index.php\/wp-json\/wp\/v2\/media?parent=6389"}],"curies":[{"name":"wp","href":"https:\/\/api.w.org\/{rel}","templated":true}]}}