{"id":6485,"date":"2020-03-29T08:54:37","date_gmt":"2020-03-29T06:54:37","guid":{"rendered":"http:\/\/www.sk-kesl-ryu.cz\/?page_id=6485"},"modified":"2020-03-29T09:02:20","modified_gmt":"2020-03-29T07:02:20","slug":"zkusebni-rad","status":"publish","type":"page","link":"https:\/\/www.sk-kesl-ryu.cz\/index.php\/karate-na-doma\/zkusebni-rad\/","title":{"rendered":"Zku\u0161ebn\u00ed \u0159\u00e1d"},"content":{"rendered":"<p><strong>Klikni na obi \u2192 zobraz zku\u0161ebn\u00ed \u0159\u00e1d<\/strong><\/p>\n<p><a href=\"http:\/\/www.sk-kesl-ryu.cz\/wp-content\/uploads\/2020\/03\/ZKU\u0160EBN\u00cd-\u0158\u00c1D-SK-KESL-RYU-2019.pdf\" target=\"_blank\" rel=\"noopener noreferrer\"><img loading=\"lazy\" decoding=\"async\" class=\"alignnone wp-image-6482 size-full\" src=\"http:\/\/www.sk-kesl-ryu.cz\/wp-content\/uploads\/2020\/03\/black_belt.gif\" alt=\"\" width=\"200\" height=\"200\"><\/a><\/p>\n","protected":false},"excerpt":{"rendered":"<p>Klikni na obi \u2192 zobraz zku\u0161ebn\u00ed \u0159\u00e1d<\/p>\n","protected":false},"author":1,"featured_media":0,"parent":6389,"menu_order":0,"comment_status":"closed","ping_status":"closed","template":"","meta":{"colormag_page_container_layout":"default_layout","colormag_page_sidebar_layout":"default_layout","ngg_post_thumbnail":0,"footnotes":""},"class_list":["post-6485","page","type-page","status-publish","hentry"],"_links":{"self":[{"href":"https:\/\/www.sk-kesl-ryu.cz\/index.php\/wp-json\/wp\/v2\/pages\/6485","targetHints":{"allow":["GET"]}}],"collection":[{"href":"https:\/\/www.sk-kesl-ryu.cz\/index.php\/wp-json\/wp\/v2\/pages"}],"about":[{"href":"https:\/\/www.sk-kesl-ryu.cz\/index.php\/wp-json\/wp\/v2\/types\/page"}],"author":[{"embeddable":true,"href":"https:\/\/www.sk-kesl-ryu.cz\/index.php\/wp-json\/wp\/v2\/users\/1"}],"replies":[{"embeddable":true,"href":"https:\/\/www.sk-kesl-ryu.cz\/index.php\/wp-json\/wp\/v2\/comments?post=6485"}],"version-history":[{"count":5,"href":"https:\/\/www.sk-kesl-ryu.cz\/index.php\/wp-json\/wp\/v2\/pages\/6485\/revisions"}],"predecessor-version":[{"id":6494,"href":"https:\/\/www.sk-kesl-ryu.cz\/index.php\/wp-json\/wp\/v2\/pages\/6485\/revisions\/6494"}],"up":[{"embeddable":true,"href":"https:\/\/www.sk-kesl-ryu.cz\/index.php\/wp-json\/wp\/v2\/pages\/6389"}],"wp:attachment":[{"href":"https:\/\/www.sk-kesl-ryu.cz\/index.php\/wp-json\/wp\/v2\/media?parent=6485"}],"curies":[{"name":"wp","href":"https:\/\/api.w.org\/{rel}","templated":true}]}}