{"id":7423,"date":"2025-01-12T19:26:04","date_gmt":"2025-01-12T18:26:04","guid":{"rendered":"https:\/\/www.sk-kesl-ryu.cz\/?page_id=7423"},"modified":"2025-01-12T19:29:36","modified_gmt":"2025-01-12T18:29:36","slug":"e-shop","status":"publish","type":"page","link":"https:\/\/www.sk-kesl-ryu.cz\/index.php\/e-shop\/","title":{"rendered":"E-SHOP"},"content":{"rendered":"<p style=\"text-align: justify;\">Nechali jsme ohledn\u011b klubov\u00e9ho oble\u010den\u00ed otev\u0159\u00edt e-shop viz odkaz, ale&nbsp;<b><span style=\"color: #e02813;\">pozor!<\/span><\/b> Nen\u00ed to b\u011b\u017en\u00fd e-shop, je t\u0159eba pe\u010dliv\u011b vybrat velikost, proto\u017ee vr\u00e1cen\u00ed \u010di v\u00fdm\u011bna koupen\u00e9ho nen\u00ed mo\u017en\u00e1 z d\u016fvodu, \u017ee je to, jako kdyby jste si nechali cokoli \u0161\u00edt na zak\u00e1zku&#8230;<\/p>\n<p>Najdete na n\u011bm klubov\u00e9 soupravy, trika, leg\u00edny, kra\u0165asy&#8230;, a to jak d\u011btsk\u00e9, tak dosp\u011bl\u00e1ck\u00e9 \ud83d\ude42<\/p>\n<p>&nbsp;<\/p>\n<p>&nbsp;<\/p>\n<p><a href=\"https:\/\/eshop.tymoveobleceni.cz\/kesl-ryu-karate\/\" target=\"_blank\" rel=\"noopener\"><img loading=\"lazy\" decoding=\"async\" class=\"wp-image-7424 size-medium aligncenter\" src=\"http:\/\/www.sk-kesl-ryu.cz\/wp-content\/uploads\/2025\/01\/eshop-300x169.jpg\" alt=\"\" width=\"300\" height=\"169\" srcset=\"https:\/\/www.sk-kesl-ryu.cz\/wp-content\/uploads\/2025\/01\/eshop-300x169.jpg 300w, https:\/\/www.sk-kesl-ryu.cz\/wp-content\/uploads\/2025\/01\/eshop.jpg 600w\" sizes=\"auto, (max-width: 300px) 100vw, 300px\" \/><\/a><\/p>\n<p>&nbsp;<\/p>\n","protected":false},"excerpt":{"rendered":"<p>Nechali jsme ohledn\u011b klubov\u00e9ho oble\u010den\u00ed otev\u0159\u00edt e-shop viz odkaz, ale&nbsp;pozor! Nen\u00ed to b\u011b\u017en\u00fd e-shop, je t\u0159eba pe\u010dliv\u011b vybrat velikost, proto\u017ee<\/p>\n","protected":false},"author":1,"featured_media":0,"parent":0,"menu_order":0,"comment_status":"closed","ping_status":"closed","template":"","meta":{"colormag_page_container_layout":"default_layout","colormag_page_sidebar_layout":"default_layout","ngg_post_thumbnail":0,"footnotes":""},"class_list":["post-7423","page","type-page","status-publish","hentry"],"_links":{"self":[{"href":"https:\/\/www.sk-kesl-ryu.cz\/index.php\/wp-json\/wp\/v2\/pages\/7423","targetHints":{"allow":["GET"]}}],"collection":[{"href":"https:\/\/www.sk-kesl-ryu.cz\/index.php\/wp-json\/wp\/v2\/pages"}],"about":[{"href":"https:\/\/www.sk-kesl-ryu.cz\/index.php\/wp-json\/wp\/v2\/types\/page"}],"author":[{"embeddable":true,"href":"https:\/\/www.sk-kesl-ryu.cz\/index.php\/wp-json\/wp\/v2\/users\/1"}],"replies":[{"embeddable":true,"href":"https:\/\/www.sk-kesl-ryu.cz\/index.php\/wp-json\/wp\/v2\/comments?post=7423"}],"version-history":[{"count":3,"href":"https:\/\/www.sk-kesl-ryu.cz\/index.php\/wp-json\/wp\/v2\/pages\/7423\/revisions"}],"predecessor-version":[{"id":7428,"href":"https:\/\/www.sk-kesl-ryu.cz\/index.php\/wp-json\/wp\/v2\/pages\/7423\/revisions\/7428"}],"wp:attachment":[{"href":"https:\/\/www.sk-kesl-ryu.cz\/index.php\/wp-json\/wp\/v2\/media?parent=7423"}],"curies":[{"name":"wp","href":"https:\/\/api.w.org\/{rel}","templated":true}]}}